{"id":65,"date":"2023-09-21T09:42:30","date_gmt":"2023-09-21T07:42:30","guid":{"rendered":"https:\/\/optimus.re\/?page_id=65"},"modified":"2023-12-27T13:12:06","modified_gmt":"2023-12-27T12:12:06","slug":"holding","status":"publish","type":"page","link":"https:\/\/optimus.re\/index.php\/holding\/","title":{"rendered":"Holding"},"content":{"rendered":"<p>[et_pb_section fb_built=&#8221;1&#8243; admin_label=&#8221;Header&#8221; _builder_version=&#8221;4.22.2&#8243; use_background_color_gradient=&#8221;on&#8221; background_color_gradient_stops=&#8221;rgba(31,31,38,0.32) 0%|#1f1f26 100%&#8221; background_color_gradient_overlays_image=&#8221;on&#8221; background_color_gradient_start=&#8221;rgba(31,31,38,0.32)&#8221; background_color_gradient_end=&#8221;#1f1f26&#8243; background_image=&#8221;http:\/\/optimus.re\/wp-content\/uploads\/2023\/09\/pexels-sevenstorm-juhaszimrus-888276-scaled.jpg&#8221; custom_padding=&#8221;6vw||0px||false|false&#8221; global_colors_info=&#8221;{}&#8221;][et_pb_row custom_padding_last_edited=&#8221;on|phone&#8221; _builder_version=&#8221;4.23.1&#8243; background_image=&#8221;http:\/\/optimus.re\/wp-content\/uploads\/2023\/10\/pexels-inna-rabotyagina-7955122-scaled.jpg&#8221; custom_margin=&#8221;||||false|false&#8221; custom_padding=&#8221;0%|20px|0%|20px|true|true&#8221; custom_padding_tablet=&#8221;100px||100px||true|false&#8221; custom_padding_phone=&#8221;80px||80px||true|false&#8221; global_colors_info=&#8221;{}&#8221;][et_pb_column type=&#8221;4_4&#8243; _builder_version=&#8221;4.16&#8243; global_colors_info=&#8221;{}&#8221;][et_pb_image src=&#8221;http:\/\/optimus.re\/wp-content\/uploads\/2023\/09\/ICON-LOGO-2.png&#8221; title_text=&#8221;ICON LOGO&#8221; align=&#8221;center&#8221; _builder_version=&#8221;4.22.2&#8243; _module_preset=&#8221;default&#8221; min_height=&#8221;439px&#8221; custom_padding=&#8221;0px||0px|||&#8221; global_colors_info=&#8221;{}&#8221;][\/et_pb_image][et_pb_text _builder_version=&#8221;4.22.2&#8243; text_text_color=&#8221;#000000&#8243; header_font=&#8221;Prata||||||||&#8221; header_text_align=&#8221;center&#8221; header_text_color=&#8221;#FFFFFF&#8221; header_font_size=&#8221;47px&#8221; header_line_height=&#8221;1.2em&#8221; background_layout=&#8221;dark&#8221; custom_margin=&#8221;||38px|||&#8221; header_font_size_tablet=&#8221;60px&#8221; header_font_size_phone=&#8221;35px&#8221; header_font_size_last_edited=&#8221;on|phone&#8221; text_text_shadow_style=&#8221;preset2&#8243; global_colors_info=&#8221;{}&#8221;]<\/p>\n<h1>Groupe Optimus<\/h1>\n<p>[\/et_pb_text][\/et_pb_column][\/et_pb_row][et_pb_row _builder_version=&#8221;4.22.2&#8243; _module_preset=&#8221;default&#8221; global_colors_info=&#8221;{}&#8221;][et_pb_column type=&#8221;4_4&#8243; _builder_version=&#8221;4.22.2&#8243; _module_preset=&#8221;default&#8221; global_colors_info=&#8221;{}&#8221;][et_pb_menu active_link_color=&#8221;#88C4DD&#8221; show_search_icon=&#8221;on&#8221; search_icon_color=&#8221;#FFFFFF&#8221; _builder_version=&#8221;4.22.2&#8243; _module_preset=&#8221;default&#8221; menu_font_size=&#8221;18px&#8221; menu_letter_spacing=&#8221;2px&#8221; background_color=&#8221;RGBA(255,255,255,0)&#8221; text_orientation=&#8221;center&#8221; background_layout=&#8221;dark&#8221; min_height=&#8221;35px&#8221; custom_margin=&#8221;||179px|||&#8221; global_colors_info=&#8221;{}&#8221;][\/et_pb_menu][\/et_pb_column][\/et_pb_row][\/et_pb_section][et_pb_section fb_built=&#8221;1&#8243; _builder_version=&#8221;4.22.2&#8243; _module_preset=&#8221;default&#8221; global_colors_info=&#8221;{}&#8221;][et_pb_row _builder_version=&#8221;4.22.2&#8243; _module_preset=&#8221;default&#8221; global_colors_info=&#8221;{}&#8221;][et_pb_column type=&#8221;4_4&#8243; _builder_version=&#8221;4.22.2&#8243; _module_preset=&#8221;default&#8221; global_colors_info=&#8221;{}&#8221;][et_pb_text _builder_version=&#8221;4.23.2&#8243; _module_preset=&#8221;default&#8221; hover_enabled=&#8221;0&#8243; global_colors_info=&#8221;{}&#8221; sticky_enabled=&#8221;0&#8243;]<\/p>\n<h1 style=\"text-align: center;\">Le soutien solide d&#8217;OPTIMUS : aux c\u00f4t\u00e9s des donneurs d&#8217;ordres, usagers et entreprises.<\/h1>\n<p style=\"text-align: justify;\">L\u2019un des atouts majeurs du Groupe OPTIMUS r\u00e9side dans son engagement \u00e0 fournir un soutien solide et coh\u00e9rent \u00e0 l\u2019ensemble de nos filiales. Cette approche collaborative est au coeur de sa philosophie d\u2019entreprise, visant \u00e0 cr\u00e9er un environnement o\u00f9 chaque structure membre peut prosp\u00e9rer et r\u00e9ussir.<\/p>\n<p style=\"text-align: justify;\">OPTIMUS apporte une gestion financi\u00e8re pr\u00e9cise, essentielle au d\u00e9veloppement de ses filiales, en mettant \u00e0 disposition un soutien financier et comptable permettant \u00e0 ses entreprises membres de se concentrer sur leurs activit\u00e9s principales; et d\u2019explorer de nouvelles opportunit\u00e9s de croissance.<\/p>\n<p style=\"text-align: justify;\">La bonne connaissance des march\u00e9s et des acteurs du territoire du Groupe permet de contribuer \u00e0 la r\u00e9ussite. OPTIMUS fournit un soutien expert en mati\u00e8re de communication et de marketing, permettant \u00e0 ses filiales d\u2019accro\u00eetre leur pr\u00e9sence et de promouvoir leurs activit\u00e9s de mani\u00e8re efficace, renfor\u00e7ant ainsi leur position sur le march\u00e9.<\/p>\n<p style=\"text-align: justify;\">Les talents sont la pierre angulaire de son succ\u00e8s. OPTIMUS s\u2019engage \u00e0 soutenir ses filiales dans la gestion des ressources humaines, que ce soit pour le recrutement, la formation ou le d\u00e9veloppement des comp\u00e9tences, garantissant ainsi que ses \u00e9quipes soient compos\u00e9es des meilleurs professionnels.<\/p>\n<p style=\"text-align: justify;\">En favorisant la collaboration et en partageant ses ressources, OPTIMUS cr\u00e9e un environnement o\u00f9 chaque entreprise membre peut exceller, en toute confiance. L\u2019engagement du Groupe envers ses filiales renforce son unit\u00e9 et sa capacit\u00e9 \u00e0 relever les d\u00e9fis, tout en explorant de nouvelles opportunit\u00e9s pour l\u2019avenir.<span class=\"Apple-converted-space\">\u00a0<\/span><\/p>\n<p style=\"text-align: justify;\">Avec le Groupe OPTIMUS, d\u00e9veloppez les territoires pour un avenir durable et prosp\u00e8re.<\/p>\n<p><span><\/span><\/p>\n<h2><span>Les entreprises du Groupe OPTIMUS<\/span><\/h2>\n<p><span><\/span><\/p>\n<p style=\"text-align: justify;\"><span>Notre vision repose sur un principe fondamental : b\u00e2tir un avenir meilleur, durable et respectueux de l&#8217;environnement. Nous croyons fermement que la construction responsable est la cl\u00e9 pour fa\u00e7onner des communaut\u00e9s prosp\u00e8res tout en pr\u00e9servant notre plan\u00e8te pour les g\u00e9n\u00e9rations futures. Notre engagement envers la durabilit\u00e9 guide chacune de nos actions, de la conception \u00e0 la r\u00e9alisation de nos projets.<\/span><\/p>\n<p>[\/et_pb_text][\/et_pb_column][\/et_pb_row][et_pb_row column_structure=&#8221;1_4,1_4,1_4,1_4&#8243; _builder_version=&#8221;4.22.2&#8243; _module_preset=&#8221;default&#8221; custom_margin=&#8221;|auto|-69px|auto||&#8221; custom_padding=&#8221;0px|||||&#8221; global_colors_info=&#8221;{}&#8221;][et_pb_column type=&#8221;1_4&#8243; _builder_version=&#8221;4.22.2&#8243; _module_preset=&#8221;default&#8221; global_colors_info=&#8221;{}&#8221;][et_pb_image src=&#8221;http:\/\/optimus.re\/wp-content\/uploads\/2023\/12\/logo-OPALE-pdf.jpg&#8221; title_text=&#8221;logo OPALE&#8221; url=&#8221;https:\/\/optimus.re\/index.php\/121-2\/&#8221; _builder_version=&#8221;4.23.2&#8243; _module_preset=&#8221;default&#8221; custom_margin=&#8221;29px|||||&#8221; hover_enabled=&#8221;0&#8243; global_colors_info=&#8221;{}&#8221; sticky_enabled=&#8221;0&#8243;][\/et_pb_image][\/et_pb_column][et_pb_column type=&#8221;1_4&#8243; _builder_version=&#8221;4.22.2&#8243; _module_preset=&#8221;default&#8221; global_colors_info=&#8221;{}&#8221;][et_pb_image src=&#8221;http:\/\/optimus.re\/wp-content\/uploads\/2023\/09\/LOGO-GETEC-VECTO-QUADRI-SANS-FOND.png&#8221; title_text=&#8221;LOGO GETEC VECTO QUADRI SANS FOND&#8221; url=&#8221;https:\/\/optimus.re\/index.php\/bet-getec-oi\/&#8221; _builder_version=&#8221;4.23.1&#8243; _module_preset=&#8221;default&#8221; custom_margin=&#8221;||18px|||&#8221; custom_padding=&#8221;54px|||||&#8221; global_colors_info=&#8221;{}&#8221;][\/et_pb_image][\/et_pb_column][et_pb_column type=&#8221;1_4&#8243; _builder_version=&#8221;4.22.2&#8243; _module_preset=&#8221;default&#8221; global_colors_info=&#8221;{}&#8221;][et_pb_image src=&#8221;http:\/\/optimus.re\/wp-content\/uploads\/2023\/09\/Logo-createur-oi.png&#8221; title_text=&#8221;Logo createur oi&#8221; url=&#8221;https:\/\/optimus.re\/index.php\/bet-createur-oi\/&#8221; _builder_version=&#8221;4.23.1&#8243; _module_preset=&#8221;default&#8221; custom_margin=&#8221;33px|||||&#8221; global_colors_info=&#8221;{}&#8221;][\/et_pb_image][\/et_pb_column][et_pb_column type=&#8221;1_4&#8243; _builder_version=&#8221;4.22.2&#8243; _module_preset=&#8221;default&#8221; global_colors_info=&#8221;{}&#8221;][et_pb_image src=&#8221;http:\/\/optimus.re\/wp-content\/uploads\/2023\/12\/New-logo-GRENELLE-HABITAT.png&#8221; title_text=&#8221;New logo GRENELLE HABITAT&#8221; url=&#8221;https:\/\/optimus.re\/index.php\/107-2\/&#8221; _builder_version=&#8221;4.23.2&#8243; _module_preset=&#8221;default&#8221; width=&#8221;111%&#8221; module_alignment=&#8221;center&#8221; custom_margin=&#8221;55px|||-3px||&#8221; hover_enabled=&#8221;0&#8243; global_colors_info=&#8221;{}&#8221; sticky_enabled=&#8221;0&#8243; custom_padding=&#8221;|0px||0px||&#8221;][\/et_pb_image][\/et_pb_column][\/et_pb_row][et_pb_row column_structure=&#8221;1_4,1_4,1_4,1_4&#8243; _builder_version=&#8221;4.22.2&#8243; _module_preset=&#8221;default&#8221; custom_margin=&#8221;46px|auto||auto||&#8221; custom_padding=&#8221;5px|||||&#8221; global_colors_info=&#8221;{}&#8221;][et_pb_column type=&#8221;1_4&#8243; _builder_version=&#8221;4.22.2&#8243; _module_preset=&#8221;default&#8221; global_colors_info=&#8221;{}&#8221;][et_pb_text _builder_version=&#8221;4.23.2&#8243; _module_preset=&#8221;default&#8221; hover_enabled=&#8221;0&#8243; global_colors_info=&#8221;{}&#8221; sticky_enabled=&#8221;0&#8243;]<\/p>\n<p style=\"text-align: justify;\"><span>En tant qu&#8217;am\u00e9nageur du territoire, OPALE transforme des id\u00e9es en communaut\u00e9s r\u00e9sidentielles et commerciales dynamiques.<\/span><\/p>\n<p>[\/et_pb_text][\/et_pb_column][et_pb_column type=&#8221;1_4&#8243; _builder_version=&#8221;4.22.2&#8243; _module_preset=&#8221;default&#8221; global_colors_info=&#8221;{}&#8221;][et_pb_text _builder_version=&#8221;4.22.2&#8243; _module_preset=&#8221;default&#8221; global_colors_info=&#8221;{}&#8221;]<\/p>\n<p style=\"text-align: justify;\"><span>Bureau d&#8217;\u00e9tude de g\u00e9nie civil et de construction, qui excelle dans la conception et la r\u00e9alisation de projets de construction robustes et innovants.<\/span><\/p>\n<p>[\/et_pb_text][\/et_pb_column][et_pb_column type=&#8221;1_4&#8243; _builder_version=&#8221;4.22.2&#8243; _module_preset=&#8221;default&#8221; global_colors_info=&#8221;{}&#8221;][et_pb_text _builder_version=&#8221;4.22.2&#8243; _module_preset=&#8221;default&#8221; global_colors_info=&#8221;{}&#8221;]<\/p>\n<p style=\"text-align: justify;\"><span>Sp\u00e9cialis\u00e9 dans l&#8217;am\u00e9nagement urbain et les travaux de Voirie et R\u00e9seaux Divers (VRD), CREATEUR OI contribue \u00e0 cr\u00e9er des espaces fonctionnels et esth\u00e9tiques.<\/span><\/p>\n<p>[\/et_pb_text][\/et_pb_column][et_pb_column type=&#8221;1_4&#8243; _builder_version=&#8221;4.22.2&#8243; _module_preset=&#8221;default&#8221; global_colors_info=&#8221;{}&#8221;][et_pb_text _builder_version=&#8221;4.22.2&#8243; _module_preset=&#8221;default&#8221; global_colors_info=&#8221;{}&#8221;]<\/p>\n<p style=\"text-align: justify;\"><span>Entreprise d\u00e9di\u00e9e au second \u0153uvre et \u00e0 la r\u00e9habilitation du b\u00e2timent, GRENELLE HABITAT, restaure et modernise des structures pour les rendre plus durables.<\/span><\/p>\n<p>[\/et_pb_text][\/et_pb_column][\/et_pb_row][et_pb_row _builder_version=&#8221;4.23.1&#8243; _module_preset=&#8221;default&#8221; global_colors_info=&#8221;{}&#8221;][et_pb_column type=&#8221;4_4&#8243; _builder_version=&#8221;4.23.1&#8243; _module_preset=&#8221;default&#8221; global_colors_info=&#8221;{}&#8221;][et_pb_heading title=&#8221;L&#8217;\u00e9quipe engag\u00e9e pour le d\u00e9veloppement des territoires&#8221; _builder_version=&#8221;4.23.1&#8243; _module_preset=&#8221;default&#8221; title_text_align=&#8221;center&#8221; global_colors_info=&#8221;{}&#8221;][\/et_pb_heading][\/et_pb_column][\/et_pb_row][et_pb_row column_structure=&#8221;1_2,1_2&#8243; _builder_version=&#8221;4.23.1&#8243; _module_preset=&#8221;default&#8221; background_enable_color=&#8221;off&#8221; custom_padding=&#8221;|||0px||&#8221; global_colors_info=&#8221;{}&#8221;][et_pb_column type=&#8221;1_2&#8243; _builder_version=&#8221;4.23.1&#8243; _module_preset=&#8221;default&#8221; global_colors_info=&#8221;{}&#8221;][et_pb_image src=&#8221;http:\/\/optimus.re\/wp-content\/uploads\/2023\/12\/Jacques.png&#8221; title_text=&#8221;Jacques&#8221; _builder_version=&#8221;4.23.1&#8243; _module_preset=&#8221;default&#8221; width=&#8221;46%&#8221; custom_margin=&#8221;|||272px||&#8221; custom_padding=&#8221;|||0px||&#8221; global_colors_info=&#8221;{}&#8221;][\/et_pb_image][\/et_pb_column][et_pb_column type=&#8221;1_2&#8243; _builder_version=&#8221;4.23.1&#8243; _module_preset=&#8221;default&#8221; global_colors_info=&#8221;{}&#8221;][et_pb_image src=&#8221;http:\/\/optimus.re\/wp-content\/uploads\/2023\/12\/IMG_4363.heic&#8221; title_text=&#8221;IMG_4363&#8243; _builder_version=&#8221;4.23.1&#8243; _module_preset=&#8221;default&#8221; width=&#8221;52%&#8221; custom_margin=&#8221;|279px||5px||&#8221; custom_padding=&#8221;|0px||||&#8221; global_colors_info=&#8221;{}&#8221;][\/et_pb_image][\/et_pb_column][\/et_pb_row][et_pb_row column_structure=&#8221;1_2,1_2&#8243; _builder_version=&#8221;4.23.1&#8243; _module_preset=&#8221;default&#8221; global_colors_info=&#8221;{}&#8221;][et_pb_column type=&#8221;1_2&#8243; _builder_version=&#8221;4.23.1&#8243; _module_preset=&#8221;default&#8221; global_colors_info=&#8221;{}&#8221;][et_pb_text _builder_version=&#8221;4.23.1&#8243; _module_preset=&#8221;default&#8221; custom_margin=&#8221;|-25px||||&#8221; custom_padding=&#8221;|26px||||&#8221; global_colors_info=&#8221;{}&#8221;]<\/p>\n<h1 style=\"text-align: right;\">Jacques TANGUY<\/h1>\n<h2 style=\"text-align: right;\">Pr\u00e9sident<\/h2>\n<p>[\/et_pb_text][\/et_pb_column][et_pb_column type=&#8221;1_2&#8243; _builder_version=&#8221;4.23.1&#8243; _module_preset=&#8221;default&#8221; global_colors_info=&#8221;{}&#8221;][et_pb_text _builder_version=&#8221;4.23.1&#8243; _module_preset=&#8221;default&#8221; custom_margin=&#8221;|||9px||&#8221; custom_padding=&#8221;|||0px||&#8221; global_colors_info=&#8221;{}&#8221;]<\/p>\n<h1>S\u00e9bastien DUMESGNIL<\/h1>\n<h2>Directeur G\u00e9n\u00e9ral<\/h2>\n<p>[\/et_pb_text][\/et_pb_column][\/et_pb_row][\/et_pb_section][et_pb_section fb_built=&#8221;1&#8243; admin_label=&#8221;Footer&#8221; _builder_version=&#8221;4.16&#8243; use_background_color_gradient=&#8221;on&#8221; background_color_gradient_stops=&#8221;#1f1f26 0%|rgba(31,31,38,0.71) 100%&#8221; background_color_gradient_overlays_image=&#8221;on&#8221; background_color_gradient_start=&#8221;#1f1f26&#8243; background_color_gradient_end=&#8221;rgba(31,31,38,0.71)&#8221; background_image=&#8221;http:\/\/optimus.re\/wp-content\/uploads\/2023\/09\/upholsterer-62.jpg&#8221; custom_margin=&#8221;||||false|false&#8221; custom_padding=&#8221;0vw||0px||false|false&#8221; saved_tabs=&#8221;all&#8221; locked=&#8221;off&#8221; global_colors_info=&#8221;{}&#8221;][et_pb_row column_structure=&#8221;1_2,1_2&#8243; admin_label=&#8221;Footer&#8221; _builder_version=&#8221;4.16&#8243; custom_padding=&#8221;0px||0px|||&#8221; box_shadow_style=&#8221;preset4&#8243; box_shadow_horizontal=&#8221;30vw&#8221; box_shadow_vertical=&#8221;0px&#8221; box_shadow_color=&#8221;#ffffff&#8221; global_colors_info=&#8221;{}&#8221;][et_pb_column type=&#8221;1_2&#8243; _builder_version=&#8221;4.16&#8243; custom_padding=&#8221;100px||||false|false&#8221; custom_padding_tablet=&#8221;|20px|||false|false&#8221; custom_padding_phone=&#8221;&#8221; custom_padding_last_edited=&#8221;on|phone&#8221; global_colors_info=&#8221;{}&#8221;][et_pb_text _builder_version=&#8221;4.16&#8243; header_2_font=&#8221;Prata||||||||&#8221; header_2_font_size=&#8221;40px&#8221; header_2_line_height=&#8221;1.6em&#8221; background_layout=&#8221;dark&#8221; header_2_font_size_tablet=&#8221;24px&#8221; header_2_font_size_phone=&#8221;22px&#8221; header_2_font_size_last_edited=&#8221;on|desktop&#8221; locked=&#8221;off&#8221; global_colors_info=&#8221;{}&#8221;]<\/p>\n<h2>Contactez nous !<\/h2>\n<p>[\/et_pb_text][et_pb_text _builder_version=&#8221;4.22.2&#8243; text_font=&#8221;Prata||||||||&#8221; text_font_size=&#8221;22px&#8221; text_line_height=&#8221;1.8em&#8221; link_text_color=&#8221;#bea88f&#8221; header_4_font=&#8221;Open Sans|700||on|||||&#8221; header_4_font_size=&#8221;12px&#8221; header_4_letter_spacing=&#8221;2.6px&#8221; header_4_line_height=&#8221;1.6em&#8221; background_layout=&#8221;dark&#8221; max_width=&#8221;250px&#8221; custom_margin=&#8221;||||false|false&#8221; custom_margin_phone=&#8221;60px||||false|false&#8221; custom_margin_last_edited=&#8221;off|phone&#8221; text_font_size_tablet=&#8221;18px&#8221; text_font_size_phone=&#8221;16px&#8221; text_font_size_last_edited=&#8221;on|phone&#8221; link_font_size_tablet=&#8221;20px&#8221; link_font_size_last_edited=&#8221;off|desktop&#8221; locked=&#8221;off&#8221; global_colors_info=&#8221;{}&#8221; text_font_size__hover_enabled=&#8221;off|desktop&#8221;]<\/p>\n<h4>Mail<\/h4>\n<p>contact@optimus.re<\/p>\n<p>[\/et_pb_text][et_pb_text _builder_version=&#8221;4.22.2&#8243; text_font=&#8221;Prata||||||||&#8221; text_font_size=&#8221;21px&#8221; text_line_height=&#8221;1em&#8221; link_text_color=&#8221;#bea88f&#8221; header_4_font=&#8221;Open Sans|700||on|||||&#8221; header_4_font_size=&#8221;12px&#8221; header_4_letter_spacing=&#8221;2.6px&#8221; header_4_line_height=&#8221;1.6em&#8221; background_layout=&#8221;dark&#8221; max_width=&#8221;409px&#8221; custom_margin=&#8221;||||false|false&#8221; custom_padding=&#8221;|0px||||&#8221; text_font_size_tablet=&#8221;18px&#8221; text_font_size_phone=&#8221;16px&#8221; text_font_size_last_edited=&#8221;on|phone&#8221; locked=&#8221;off&#8221; global_colors_info=&#8221;{}&#8221;]<\/p>\n<h4>Adresse<\/h4>\n<p>40 rue Louis Br\u00e9guet<\/p>\n<p>Immeuble Le Kerveguen &#8211; ZAC 2000<\/p>\n<p>97420 Le Port<\/p>\n<p>[\/et_pb_text][\/et_pb_column][et_pb_column type=&#8221;1_2&#8243; _builder_version=&#8221;4.16&#8243; background_color=&#8221;#ffffff&#8221; transform_translate=&#8221;1px|0px&#8221; transform_translate_linked=&#8221;off&#8221; custom_padding=&#8221;|60px|60px|60px|false|true&#8221; custom_padding_tablet=&#8221;|0px||30px|false|false&#8221; custom_padding_phone=&#8221;|0px||20px|false|false&#8221; custom_padding_last_edited=&#8221;on|tablet&#8221; global_colors_info=&#8221;{}&#8221;][et_pb_image src=&#8221;http:\/\/optimus.re\/wp-content\/uploads\/2023\/09\/Image-footer-site-optimus.png&#8221; title_text=&#8221;Image footer site optimus&#8221; _builder_version=&#8221;4.22.2&#8243; custom_margin=&#8221;|-50%|40px|-60px|false|false&#8221; custom_margin_tablet=&#8221;|0px|40px|-30px|false|false&#8221; custom_margin_phone=&#8221;|||-20px|false|false&#8221; custom_margin_last_edited=&#8221;on|phone&#8221; global_colors_info=&#8221;{}&#8221;][\/et_pb_image][et_pb_text _builder_version=&#8221;4.22.2&#8243; header_2_font=&#8221;Prata||||||||&#8221; header_2_line_height=&#8221;1.8em&#8221; custom_margin=&#8221;||0px||false|false&#8221; custom_padding_phone=&#8221;50px|50px|0px|50px|false|true&#8221; custom_padding_last_edited=&#8221;off|desktop&#8221; header_2_font_size_tablet=&#8221;22px&#8221; header_2_font_size_phone=&#8221;20px&#8221; header_2_font_size_last_edited=&#8221;on|phone&#8221; locked=&#8221;off&#8221; global_colors_info=&#8221;{}&#8221;]<\/p>\n<h2>Nos derni\u00e8res r\u00e9alisations<\/h2>\n<p>[\/et_pb_text][et_pb_button button_text=&#8221;Galerie&#8221; _builder_version=&#8221;4.23.1&#8243; custom_button=&#8221;on&#8221; button_text_size=&#8221;12px&#8221; button_text_color=&#8221;#8EB0BE&#8221; button_bg_color=&#8221;rgba(0,0,0,0)&#8221; button_border_width=&#8221;0px&#8221; button_border_radius=&#8221;0px&#8221; button_letter_spacing=&#8221;2.6px&#8221; button_font=&#8221;|700||on|||||&#8221; custom_margin_phone=&#8221;|50px|50px|50px|false|true&#8221; custom_margin_last_edited=&#8221;off|desktop&#8221; custom_padding=&#8221;|||0px|false|false&#8221; locked=&#8221;off&#8221; global_colors_info=&#8221;{}&#8221; button_bg_color__hover_enabled=&#8221;off|desktop&#8221;][\/et_pb_button][\/et_pb_column][\/et_pb_row][\/et_pb_section]<\/p>\n","protected":false},"excerpt":{"rendered":"<p>Groupe OptimusLe soutien solide d&#8217;OPTIMUS : aux c\u00f4t\u00e9s des donneurs d&#8217;ordres, usagers et entreprises. L\u2019un des atouts majeurs du Groupe OPTIMUS r\u00e9side dans son engagement \u00e0 fournir un soutien solide et coh\u00e9rent \u00e0 l\u2019ensemble de nos filiales. Cette approche collaborative est au coeur de sa philosophie d\u2019entreprise, visant \u00e0 cr\u00e9er un environnement o\u00f9 chaque structure [&hellip;]<\/p>\n","protected":false},"author":1,"featured_media":0,"parent":0,"menu_order":0,"comment_status":"closed","ping_status":"closed","template":"","meta":{"_et_pb_use_builder":"on","_et_pb_old_content":"","_et_gb_content_width":"","footnotes":""},"class_list":["post-65","page","type-page","status-publish","hentry"],"_links":{"self":[{"href":"https:\/\/optimus.re\/index.php\/wp-json\/wp\/v2\/pages\/65","targetHints":{"allow":["GET"]}}],"collection":[{"href":"https:\/\/optimus.re\/index.php\/wp-json\/wp\/v2\/pages"}],"about":[{"href":"https:\/\/optimus.re\/index.php\/wp-json\/wp\/v2\/types\/page"}],"author":[{"embeddable":true,"href":"https:\/\/optimus.re\/index.php\/wp-json\/wp\/v2\/users\/1"}],"replies":[{"embeddable":true,"href":"https:\/\/optimus.re\/index.php\/wp-json\/wp\/v2\/comments?post=65"}],"version-history":[{"count":18,"href":"https:\/\/optimus.re\/index.php\/wp-json\/wp\/v2\/pages\/65\/revisions"}],"predecessor-version":[{"id":368,"href":"https:\/\/optimus.re\/index.php\/wp-json\/wp\/v2\/pages\/65\/revisions\/368"}],"wp:attachment":[{"href":"https:\/\/optimus.re\/index.php\/wp-json\/wp\/v2\/media?parent=65"}],"curies":[{"name":"wp","href":"https:\/\/api.w.org\/{rel}","templated":true}]}}